{"id":154,"date":"2026-01-04T14:28:57","date_gmt":"2026-01-04T14:28:57","guid":{"rendered":"https:\/\/www.montessori-bergerac.com\/?page_id=154"},"modified":"2026-01-11T16:23:28","modified_gmt":"2026-01-11T16:23:28","slug":"lelementaire","status":"publish","type":"page","link":"http:\/\/www.montessori-bergerac.com\/?page_id=154","title":{"rendered":"L&rsquo;\u00e9l\u00e9mentaire"},"content":{"rendered":"\n<hr class=\"wp-block-separator has-alpha-channel-opacity\"\/>\n\n\n\n<blockquote class=\"wp-block-quote is-layout-flow wp-block-quote-is-layout-flow\">\n<p><em>Un enfant du primaire, de 6 \u00e0 12 ans, tout l\u2019int\u00e9resse. Il veut savoir tout sur tout.<\/em><\/p>\n<\/blockquote>\n\n\n\n<div class=\"wp-block-columns is-layout-flex wp-container-core-columns-is-layout-9d6595d7 wp-block-columns-is-layout-flex\">\n<div class=\"wp-block-column is-layout-flow wp-block-column-is-layout-flow\">\n<figure class=\"wp-block-gallery has-nested-images columns-default is-cropped wp-block-gallery-1 is-layout-flex wp-block-gallery-is-layout-flex\">\n<figure class=\"wp-block-image size-large\"><img loading=\"lazy\" decoding=\"async\" width=\"768\" height=\"1024\" data-id=\"50\" src=\"https:\/\/www.montessori-bergerac.com\/wp-content\/uploads\/2026\/01\/IMG_1388-768x1024.jpeg\" alt=\"\" class=\"wp-image-50\" srcset=\"http:\/\/www.montessori-bergerac.com\/wp-content\/uploads\/2026\/01\/IMG_1388-768x1024.jpeg 768w, http:\/\/www.montessori-bergerac.com\/wp-content\/uploads\/2026\/01\/IMG_1388-225x300.jpeg 225w, http:\/\/www.montessori-bergerac.com\/wp-content\/uploads\/2026\/01\/IMG_1388-1152x1536.jpeg 1152w, http:\/\/www.montessori-bergerac.com\/wp-content\/uploads\/2026\/01\/IMG_1388.jpeg 1536w\" sizes=\"auto, (max-width: 768px) 100vw, 768px\" \/><\/figure>\n\n\n\n<figure class=\"wp-block-image size-large\"><img loading=\"lazy\" decoding=\"async\" width=\"768\" height=\"1024\" data-id=\"47\" src=\"https:\/\/www.montessori-bergerac.com\/wp-content\/uploads\/2026\/01\/IMG_1385-768x1024.jpeg\" alt=\"\" class=\"wp-image-47\" srcset=\"http:\/\/www.montessori-bergerac.com\/wp-content\/uploads\/2026\/01\/IMG_1385-768x1024.jpeg 768w, http:\/\/www.montessori-bergerac.com\/wp-content\/uploads\/2026\/01\/IMG_1385-225x300.jpeg 225w, http:\/\/www.montessori-bergerac.com\/wp-content\/uploads\/2026\/01\/IMG_1385-1152x1536.jpeg 1152w, http:\/\/www.montessori-bergerac.com\/wp-content\/uploads\/2026\/01\/IMG_1385.jpeg 1536w\" sizes=\"auto, (max-width: 768px) 100vw, 768px\" \/><\/figure>\n\n\n\n<figure class=\"wp-block-image size-large\"><img loading=\"lazy\" decoding=\"async\" width=\"768\" height=\"1024\" data-id=\"46\" src=\"https:\/\/www.montessori-bergerac.com\/wp-content\/uploads\/2026\/01\/IMG_1383-768x1024.jpeg\" alt=\"\" class=\"wp-image-46\" srcset=\"http:\/\/www.montessori-bergerac.com\/wp-content\/uploads\/2026\/01\/IMG_1383-768x1024.jpeg 768w, http:\/\/www.montessori-bergerac.com\/wp-content\/uploads\/2026\/01\/IMG_1383-225x300.jpeg 225w, http:\/\/www.montessori-bergerac.com\/wp-content\/uploads\/2026\/01\/IMG_1383-1152x1536.jpeg 1152w, http:\/\/www.montessori-bergerac.com\/wp-content\/uploads\/2026\/01\/IMG_1383.jpeg 1536w\" sizes=\"auto, (max-width: 768px) 100vw, 768px\" \/><\/figure>\n<\/figure>\n<\/div>\n<\/div>\n\n\n\n<div style=\"height:40px\" aria-hidden=\"true\" class=\"wp-block-spacer\"><\/div>\n\n\n\n<div class=\"wp-block-columns is-layout-flex wp-container-core-columns-is-layout-9d6595d7 wp-block-columns-is-layout-flex\">\n<div class=\"wp-block-column is-layout-flow wp-block-column-is-layout-flow\">\n<p>C\u2019est&nbsp;<strong>la construction de sa personnalit\u00e9 sociale<\/strong>&nbsp;qui va se d\u00e9velopper. Il veut \u00eatre avec les autres. Il s\u2019empresse d\u2019aller \u00e0 l\u2019\u00e9cole, ne veut pas de vacances. Il aime les h\u00e9ros et veut \u00eatre \u00e0 la hauteur.<\/p>\n\n\n\n<p>Il va se conduire d\u2019une fa\u00e7on constructive, respectueuse, capable de travailler en groupe. Il s\u2019agit d\u2019une meute, l\u2019adulte en fait partie, un groupe qui socialement s\u2019\u00e9quilibre. Il a le go\u00fbt de la justice. Il v\u00e9rifie si l\u2019adulte est juste en toute circonstance. Son sens moral se d\u00e9veloppe gr\u00e2ce \u00e0 un \u00e9norme effort qui tient compte du contexte, des circonstances.<\/p>\n\n\n\n<p>A 6-12 ans, les enfants ont un esprit r\u00e9sonnant puissant, ils veulent savoir le comment et le pourquoi des choses. Si vous faites appel \u00e0 cet esprit, alors, ils vont \u00eatre int\u00e9ress\u00e9s.<\/p>\n\n\n\n<p>Pour socialiser, il faut raisonner. Il faut comprendre ce que l\u2019autre dit de fa\u00e7on \u00e0 pouvoir communiquer sur le m\u00eame sujet de discussion. A cet \u00e2ge, l\u2019enfant utilise son esprit raisonnant.<\/p>\n\n\n\n<p><em>L\u2019enfant poss\u00e8de une autre grande qualit\u00e9 : l\u2019imagination. Celle-ci se transforme \u00e0 partir de cet \u00e2ge. Elle prend une \u00e9norme dimension avec l\u2019esprit r\u00e9sonnant qui fonctionne ensemble.<\/em><\/p>\n\n\n\n<p>Les enfants de 3-6 ans, d\u00e9j\u00e0 de l\u2019imagination mais, c\u2019est une imagination reproductrice, c\u2019est \u00e0 dire qu\u2019elle est reli\u00e9e \u00e0 une image d\u00e9j\u00e0 enregistr\u00e9e et qu\u2019elle s\u2019y associe \u00e0 chaque fois que cela se reproduit.<\/p>\n\n\n\n<p>Des \u00e9tudes r\u00e9centes montrent que chez l\u2019enfant de 6 ans se produit un ph\u00e9nom\u00e8ne hormonal.<\/p>\n\n\n\n<p>Une hormone la DHEAS, nouvellement d\u00e9couverte, appel\u00e9e l\u2019Adr\u00e9narche, influence l\u2019enfant sur le plan physiologique : son raisonnement se renforce, les r\u00f4les sociaux deviennent alors une pr\u00e9occupation dominante. Tout cela rejoint ce que Maria Montessori avait observ\u00e9 et analys\u00e9.<\/p>\n\n\n\n<p>L\u2019esprit gr\u00e9gaire se manifeste,&nbsp;<strong>mais l\u2019adulte est n\u00e9cessaire pour qu\u2019ils d\u00e9veloppent leur sens moral<\/strong>. Des \u00e9tudes ethnologiques montrent que les enfants de cet \u00e2ge vont se mettre \u00e0 faire semblant, ils reproduisent des gestes de la vie quotidienne, et ce quelle que soit la culture, car c\u2019est la nature qui le veut.<\/p>\n\n\n\n<p>C\u2019est un moyen d\u2019adaptation sociale, d\u2019impr\u00e9gnation par l\u2019imitation.<\/p>\n<\/div>\n<\/div>\n\n\n\n<div class=\"wp-block-columns is-layout-flex wp-container-core-columns-is-layout-9d6595d7 wp-block-columns-is-layout-flex\">\n<div class=\"wp-block-column is-layout-flow wp-block-column-is-layout-flow\">\n<figure class=\"wp-block-gallery has-nested-images columns-default is-cropped wp-block-gallery-2 is-layout-flex wp-block-gallery-is-layout-flex\">\n<figure class=\"wp-block-image size-large\"><img loading=\"lazy\" decoding=\"async\" width=\"768\" height=\"1024\" data-id=\"54\" src=\"http:\/\/www.montessori-bergerac.com\/wp-content\/uploads\/2026\/01\/IMG_1392-768x1024.jpeg\" alt=\"\" class=\"wp-image-54\" srcset=\"http:\/\/www.montessori-bergerac.com\/wp-content\/uploads\/2026\/01\/IMG_1392-768x1024.jpeg 768w, http:\/\/www.montessori-bergerac.com\/wp-content\/uploads\/2026\/01\/IMG_1392-225x300.jpeg 225w, http:\/\/www.montessori-bergerac.com\/wp-content\/uploads\/2026\/01\/IMG_1392-1152x1536.jpeg 1152w, http:\/\/www.montessori-bergerac.com\/wp-content\/uploads\/2026\/01\/IMG_1392.jpeg 1536w\" sizes=\"auto, (max-width: 768px) 100vw, 768px\" \/><\/figure>\n\n\n\n<figure class=\"wp-block-image size-large\"><img loading=\"lazy\" decoding=\"async\" width=\"768\" height=\"1024\" data-id=\"52\" src=\"http:\/\/www.montessori-bergerac.com\/wp-content\/uploads\/2026\/01\/IMG_1390-768x1024.jpeg\" alt=\"\" class=\"wp-image-52\" srcset=\"http:\/\/www.montessori-bergerac.com\/wp-content\/uploads\/2026\/01\/IMG_1390-768x1024.jpeg 768w, http:\/\/www.montessori-bergerac.com\/wp-content\/uploads\/2026\/01\/IMG_1390-225x300.jpeg 225w, http:\/\/www.montessori-bergerac.com\/wp-content\/uploads\/2026\/01\/IMG_1390-1152x1536.jpeg 1152w, http:\/\/www.montessori-bergerac.com\/wp-content\/uploads\/2026\/01\/IMG_1390.jpeg 1536w\" sizes=\"auto, (max-width: 768px) 100vw, 768px\" \/><\/figure>\n\n\n\n<figure class=\"wp-block-image size-large\"><img loading=\"lazy\" decoding=\"async\" width=\"1024\" height=\"768\" data-id=\"53\" src=\"http:\/\/www.montessori-bergerac.com\/wp-content\/uploads\/2026\/01\/IMG_1391-1024x768.jpeg\" alt=\"\" class=\"wp-image-53\" srcset=\"http:\/\/www.montessori-bergerac.com\/wp-content\/uploads\/2026\/01\/IMG_1391-1024x768.jpeg 1024w, http:\/\/www.montessori-bergerac.com\/wp-content\/uploads\/2026\/01\/IMG_1391-300x225.jpeg 300w, http:\/\/www.montessori-bergerac.com\/wp-content\/uploads\/2026\/01\/IMG_1391-768x576.jpeg 768w, http:\/\/www.montessori-bergerac.com\/wp-content\/uploads\/2026\/01\/IMG_1391-1536x1152.jpeg 1536w, http:\/\/www.montessori-bergerac.com\/wp-content\/uploads\/2026\/01\/IMG_1391.jpeg 2048w\" sizes=\"auto, (max-width: 1024px) 100vw, 1024px\" \/><\/figure>\n<\/figure>\n<\/div>\n<\/div>\n\n\n\n<div style=\"height:40px\" aria-hidden=\"true\" class=\"wp-block-spacer\"><\/div>\n\n\n\n<blockquote class=\"wp-block-quote is-layout-flow wp-block-quote-is-layout-flow\">\n<p><em>Les enfants laiss\u00e9s \u00e0 leur enfance ne grandissent plus. Les enfants mis au travail comme un adulte ne grandissent pas bien. Nous devons participer \u00e0 ce qu\u2019ils puissent faire les gestes de notre soci\u00e9t\u00e9 sans pour autant les obliger \u00e0 les faire \u00ab\u00a0pour de vrai\u00a0\u00bb.<\/em><\/p>\n<\/blockquote>\n\n\n\n<div class=\"wp-block-columns is-layout-flex wp-container-core-columns-is-layout-9d6595d7 wp-block-columns-is-layout-flex\">\n<div class=\"wp-block-column is-layout-flow wp-block-column-is-layout-flow\">\n<p>&nbsp;Il y a quelque chose&nbsp;d\u2019inscrit&nbsp;dans&nbsp;l\u2019esp\u00e8ce&nbsp;humaine pour&nbsp;l\u2019apprentissage&nbsp;par imitation et r\u00e9flexion<\/p>\n\n\n\n<p>Le moteur pour les 6-12 est leur esprit raisonnant et l\u2019imagination. L\u2019imagination peut \u00eatre une imagination cr\u00e9ative, imaginative, constructive.<\/p>\n\n\n\n<p><strong>L\u2019adulte peut orienter, aider ce d\u00e9veloppement qui est naturel<\/strong>. Proposer \u00e0 l\u2019enfant de tout conna\u00eetre, d\u2019avoir des activit\u00e9s permettant \u00e0 la pens\u00e9e raisonnante de s\u2019exercer.<\/p>\n\n\n\n<p><em>Maria Montessori nous donne les outils pour cela, 1200 pr\u00e9sentations lors de la formation 6-12, de fa\u00e7on \u00e0 permettre aux enfants de raisonner, d\u2019utiliser leur esprit raisonnant, et qu\u2019ils puissent en abstraire eux-m\u00eames le concept.<\/em><\/p>\n\n\n\n<p>Toutes ses techniques font appel \u00e0 l\u2019imagination, incluant \u00e0 chaque fois un \u00e9l\u00e9ment suppl\u00e9mentaire, des s\u00e9quences de compr\u00e9hensions progressives. Ce qui \u00e9veille la compr\u00e9hension et la recherche chez ces enfants.<\/p>\n\n\n\n<p>Le contexte s\u2019adresse \u00e0 l\u2019imagination, \u00e0 la pens\u00e9e raisonnante par le projet \u00e9ducation de Maria Montessori \u00ab l\u2019\u00e9ducation cosmique \u00bb.<\/p>\n\n\n\n<p>Rendre animiste les choses, raconter des histoires sur l\u2019univers. Une histoire racont\u00e9e avec \u00e9motion, et pas seulement des faits, va permettre \u00e0 l\u2019enfant de s\u2019y accrocher.<\/p>\n\n\n\n<p>Avec ces histoires il y a aussi des affiches impressionnistes, des exp\u00e9riences, des sorties. Les sorties se font en petits groupes en fonction d\u2019un int\u00e9r\u00eat sp\u00e9cifique. Les enfants organisent tout eux-m\u00eames : prendre contact par t\u00e9l\u00e9phone pour avoir un RDV, organisent le transport, l\u2019\u00e9laboration de leurs questions\u2026<\/p>\n\n\n\n<p>Pour exemple la grotte de Lascaux a \u00e9t\u00e9 trouv\u00e9e par un groupe de 4 adolescents dont le chien \u00e9tait tomb\u00e9 dans le trou de la grotte. Ils ont surveill\u00e9 leur caverne pendant 2 ans, jour et nuit, pour que personne n\u2019ab\u00eeme le lieu. On peut parler d\u2019adolescents responsables.<\/p>\n\n\n\n<p>Tout cela pour permettre \u00e0 l\u2019enfant de s\u2019impliquer, s\u2019engager, de faire des recherches,&nbsp;<strong>de comprendre des ph\u00e9nom\u00e8nes naturels, scientifiques, de faire des exp\u00e9riences et d\u2019\u00e9veiller son esprit cr\u00e9ateur<\/strong>.<\/p>\n\n\n\n<p>Tous les proc\u00e9d\u00e9s qui vont permettre une action spontan\u00e9e de l\u2019enfant vont \u00eatre utilis\u00e9s, car ainsi il sera attentif et entrera dans le processus d\u2019auto-construction.<\/p>\n<\/div>\n<\/div>\n\n\n<div class=\"wp-block-group\"><div class=\"wp-block-group__inner-container is-layout-constrained wp-block-group-is-layout-constrained\">\n<div class=\"wp-block-columns is-layout-flex wp-container-core-columns-is-layout-9d6595d7 wp-block-columns-is-layout-flex\">\n<div class=\"wp-block-column is-layout-flow wp-block-column-is-layout-flow\">\n<hr class=\"wp-block-separator has-text-color has-alpha-channel-opacity has-background is-style-wide\" style=\"background-color:#ad2117;color:#ad2117\"\/>\n<\/div>\n<\/div>\n\n\n\n<div class=\"wp-block-columns is-layout-flex wp-container-core-columns-is-layout-9d6595d7 wp-block-columns-is-layout-flex\">\n<div class=\"wp-block-column is-layout-flow wp-block-column-is-layout-flow\">\n<div class=\"wp-block-media-text has-media-on-the-right is-stacked-on-mobile is-vertically-aligned-center is-image-fill-element has-white-background-color has-background\" style=\"grid-template-columns:auto 26%\"><div class=\"wp-block-media-text__content\">\n<p class=\"has-text-align-right has-text-color has-link-color has-medium-font-size wp-elements-6eb2ff5d6aa550344e375e672ec61e44\" style=\"color:#ad2117\"><strong>Ecole Montessori de Bergerac<\/strong><\/p>\n\n\n\n<p class=\"has-text-align-right has-black-color has-text-color has-link-color has-small-font-size wp-elements-1447047317f1a2f8da5c4a3ef9239904\">Chemin de Port de Clautre<br>24100 Bergerac<br>T\u00e9l : 06 86 83 94 97<br>Email : contact@montessori-bergerac.com<\/p>\n<\/div><figure class=\"wp-block-media-text__media\"><img loading=\"lazy\" decoding=\"async\" width=\"1024\" height=\"1024\" src=\"http:\/\/www.montessori-bergerac.com\/wp-content\/uploads\/2026\/01\/Logo-EMB-vertical-2-1024x1024.png\" alt=\"\" class=\"wp-image-321 size-full\" style=\"object-position:50% 50%\" srcset=\"http:\/\/www.montessori-bergerac.com\/wp-content\/uploads\/2026\/01\/Logo-EMB-vertical-2-1024x1024.png 1024w, http:\/\/www.montessori-bergerac.com\/wp-content\/uploads\/2026\/01\/Logo-EMB-vertical-2-300x300.png 300w, http:\/\/www.montessori-bergerac.com\/wp-content\/uploads\/2026\/01\/Logo-EMB-vertical-2-150x150.png 150w, http:\/\/www.montessori-bergerac.com\/wp-content\/uploads\/2026\/01\/Logo-EMB-vertical-2-768x768.png 768w, http:\/\/www.montessori-bergerac.com\/wp-content\/uploads\/2026\/01\/Logo-EMB-vertical-2-230x230.png 230w, http:\/\/www.montessori-bergerac.com\/wp-content\/uploads\/2026\/01\/Logo-EMB-vertical-2.png 1081w\" sizes=\"auto, (max-width: 1024px) 100vw, 1024px\" \/><\/figure><\/div>\n<\/div>\n<\/div>\n<\/div><\/div>\n","protected":false},"excerpt":{"rendered":"<p>Un enfant du primaire, de 6 \u00e0 12 ans, tout l\u2019int\u00e9resse. Il veut savoir tout sur tout. C\u2019est&nbsp;la construction de sa personnalit\u00e9 sociale&nbsp;qui va se d\u00e9velopper. Il veut \u00eatre avec les autres. Il s\u2019empresse d\u2019aller \u00e0 l\u2019\u00e9cole, ne veut pas&hellip; <\/p>\n","protected":false},"author":1,"featured_media":0,"parent":0,"menu_order":0,"comment_status":"closed","ping_status":"closed","template":"","meta":{"footnotes":""},"class_list":["post-154","page","type-page","status-publish","hentry"],"_links":{"self":[{"href":"http:\/\/www.montessori-bergerac.com\/index.php?rest_route=\/wp\/v2\/pages\/154","targetHints":{"allow":["GET"]}}],"collection":[{"href":"http:\/\/www.montessori-bergerac.com\/index.php?rest_route=\/wp\/v2\/pages"}],"about":[{"href":"http:\/\/www.montessori-bergerac.com\/index.php?rest_route=\/wp\/v2\/types\/page"}],"author":[{"embeddable":true,"href":"http:\/\/www.montessori-bergerac.com\/index.php?rest_route=\/wp\/v2\/users\/1"}],"replies":[{"embeddable":true,"href":"http:\/\/www.montessori-bergerac.com\/index.php?rest_route=%2Fwp%2Fv2%2Fcomments&post=154"}],"version-history":[{"count":6,"href":"http:\/\/www.montessori-bergerac.com\/index.php?rest_route=\/wp\/v2\/pages\/154\/revisions"}],"predecessor-version":[{"id":358,"href":"http:\/\/www.montessori-bergerac.com\/index.php?rest_route=\/wp\/v2\/pages\/154\/revisions\/358"}],"wp:attachment":[{"href":"http:\/\/www.montessori-bergerac.com\/index.php?rest_route=%2Fwp%2Fv2%2Fmedia&parent=154"}],"curies":[{"name":"wp","href":"https:\/\/api.w.org\/{rel}","templated":true}]}}