{"id":152,"date":"2026-01-04T14:27:56","date_gmt":"2026-01-04T14:27:56","guid":{"rendered":"https:\/\/www.montessori-bergerac.com\/?page_id=152"},"modified":"2026-01-11T16:23:50","modified_gmt":"2026-01-11T16:23:50","slug":"la-maison-des-enfants","status":"publish","type":"page","link":"http:\/\/www.montessori-bergerac.com\/?page_id=152","title":{"rendered":"La maison des enfants"},"content":{"rendered":"\n<hr class=\"wp-block-separator has-text-color has-css-opacity has-background is-style-wide\" style=\"background-color:#000000;color:#000000\"\/>\n\n\n\n<blockquote class=\"wp-block-quote is-layout-flow wp-block-quote-is-layout-flow\">\n<p><em>Tout individu est un \u00eatre diff\u00e9rent de son groupe, c\u2019est d\u2019ailleurs l\u2019attribut premier du terme \u00ab&nbsp;individualit\u00e9&nbsp;\u00bb.<\/em><\/p>\n<\/blockquote>\n\n\n\n<div class=\"wp-block-columns is-layout-flex wp-container-core-columns-is-layout-9d6595d7 wp-block-columns-is-layout-flex\">\n<div class=\"wp-block-column is-layout-flow wp-block-column-is-layout-flow\">\n<figure class=\"wp-block-gallery has-nested-images columns-default is-cropped wp-block-gallery-1 is-layout-flex wp-block-gallery-is-layout-flex\">\n<figure class=\"wp-block-image size-large\"><img loading=\"lazy\" decoding=\"async\" width=\"1024\" height=\"768\" data-id=\"20\" src=\"http:\/\/www.montessori-bergerac.com\/wp-content\/uploads\/2026\/01\/IMG_1414-1024x768.jpeg\" alt=\"\" class=\"wp-image-20\" srcset=\"http:\/\/www.montessori-bergerac.com\/wp-content\/uploads\/2026\/01\/IMG_1414-1024x768.jpeg 1024w, http:\/\/www.montessori-bergerac.com\/wp-content\/uploads\/2026\/01\/IMG_1414-300x225.jpeg 300w, http:\/\/www.montessori-bergerac.com\/wp-content\/uploads\/2026\/01\/IMG_1414-768x576.jpeg 768w, http:\/\/www.montessori-bergerac.com\/wp-content\/uploads\/2026\/01\/IMG_1414-1536x1152.jpeg 1536w, http:\/\/www.montessori-bergerac.com\/wp-content\/uploads\/2026\/01\/IMG_1414.jpeg 2048w\" sizes=\"auto, (max-width: 1024px) 100vw, 1024px\" \/><\/figure>\n\n\n\n<figure class=\"wp-block-image size-large\"><img loading=\"lazy\" decoding=\"async\" width=\"768\" height=\"1024\" data-id=\"24\" src=\"https:\/\/www.montessori-bergerac.com\/wp-content\/uploads\/2026\/01\/IMG_1418-768x1024.jpeg\" alt=\"\" class=\"wp-image-24\" srcset=\"http:\/\/www.montessori-bergerac.com\/wp-content\/uploads\/2026\/01\/IMG_1418-768x1024.jpeg 768w, http:\/\/www.montessori-bergerac.com\/wp-content\/uploads\/2026\/01\/IMG_1418-225x300.jpeg 225w, http:\/\/www.montessori-bergerac.com\/wp-content\/uploads\/2026\/01\/IMG_1418-1152x1536.jpeg 1152w, http:\/\/www.montessori-bergerac.com\/wp-content\/uploads\/2026\/01\/IMG_1418.jpeg 1536w\" sizes=\"auto, (max-width: 768px) 100vw, 768px\" \/><\/figure>\n\n\n\n<figure class=\"wp-block-image size-large\"><img loading=\"lazy\" decoding=\"async\" width=\"1024\" height=\"768\" data-id=\"21\" src=\"https:\/\/www.montessori-bergerac.com\/wp-content\/uploads\/2026\/01\/IMG_1415-1024x768.jpeg\" alt=\"\" class=\"wp-image-21\" srcset=\"http:\/\/www.montessori-bergerac.com\/wp-content\/uploads\/2026\/01\/IMG_1415-1024x768.jpeg 1024w, http:\/\/www.montessori-bergerac.com\/wp-content\/uploads\/2026\/01\/IMG_1415-300x225.jpeg 300w, http:\/\/www.montessori-bergerac.com\/wp-content\/uploads\/2026\/01\/IMG_1415-768x576.jpeg 768w, http:\/\/www.montessori-bergerac.com\/wp-content\/uploads\/2026\/01\/IMG_1415-1536x1152.jpeg 1536w, http:\/\/www.montessori-bergerac.com\/wp-content\/uploads\/2026\/01\/IMG_1415.jpeg 2048w\" sizes=\"auto, (max-width: 1024px) 100vw, 1024px\" \/><\/figure>\n<\/figure>\n<\/div>\n<\/div>\n\n\n\n<div class=\"wp-block-columns is-layout-flex wp-container-core-columns-is-layout-9d6595d7 wp-block-columns-is-layout-flex\">\n<div class=\"wp-block-column is-layout-flow wp-block-column-is-layout-flow\">\n<div style=\"height:54px\" aria-hidden=\"true\" class=\"wp-block-spacer\"><\/div>\n\n\n\n<p>Ainsi, et plus particuli\u00e8rement jusqu\u2019aux environ de leur sixi\u00e8me ann\u00e9e, le rythme de d\u00e9veloppement est tr\u00e8s diff\u00e9rent d\u2019un enfant \u00e0 l\u2019autre.<\/p>\n\n\n\n<p>La p\u00e9dagogie Montessori respecte le rythme de chacun et propose un travail individualis\u00e9 en accord avec ce principe de base. Ceci est rendu possible gr\u00e2ce \u00e0 l\u2019observation fine et personnalis\u00e9e r\u00e9alis\u00e9e par l\u2019\u00e9ducateur.<\/p>\n\n\n\n<p>C\u2019est donc l\u2019enfant qui choisit librement son activit\u00e9 parmi celles qui lui ont \u00e9t\u00e9 pr\u00e9sent\u00e9es ou celles qu\u2019il souhaite qui lui soient pr\u00e9sent\u00e9es.<\/p>\n\n\n\n<p><strong>Ce libre choix est essentiel car il permet \u00e0 l\u2019enfant de construire un projet<\/strong>, de devenir acteur et r\u00e9alisateur de son apprentissage. Il d\u00e9veloppe ainsi son estime de lui-m\u00eame, il apprend \u00e0 penser par lui-m\u00eame et \u00e0 prendre ses propres d\u00e9cisions.<\/p>\n\n\n\n<p><em>Mais libre choix ne signifie pas laisser faire, le r\u00f4le de l\u2019\u00e9ducateur est alors essentiel, il doit avoir une bonne connaissance du d\u00e9veloppement physique et cognitif de l\u2019enfant, c\u2019est un guide qui aide l\u2019enfant \u00e0 cheminer dans ses apprentissages.<\/em><\/p>\n\n\n\n<p>Il se doit d\u2019\u00eatre toujours \u00e0 l\u2019\u00e9coute, et d\u2019une pr\u00e9sence discr\u00e8te mais attentive pour ne pas entraver la soif d\u2019autonomie de l\u2019enfant. \u00ab&nbsp;Aide-moi \u00e0 faire seul&nbsp;\u00bb.<\/p>\n\n\n\n<p>Les 3 premi\u00e8res ann\u00e9es (entre 3 et 6 ans) sont une \u00e9tape essentielle dans la vie de l\u2019enfant, elles constituent la base de toute sa scolarit\u00e9 \u00e0 venir, d\u00e9veloppement de l\u2019autonomie, \u00e9veil de la soif de connaissance, app\u00e9tit pour le travail, rigueur dans le d\u00e9roulement d\u2019une activit\u00e9 \u2026.<\/p>\n<\/div>\n<\/div>\n\n\n\n<blockquote class=\"wp-block-quote is-layout-flow wp-block-quote-is-layout-flow\">\n<p>Apprendre doit devenir une activit\u00e9 captivante de d\u00e9couverte qui conduit l\u2019enfant \u00e0 la concentration, la motivation et l\u2019autodiscipline.<\/p>\n<\/blockquote>\n\n\n\n<div class=\"wp-block-columns is-layout-flex wp-container-core-columns-is-layout-9d6595d7 wp-block-columns-is-layout-flex\">\n<div class=\"wp-block-column is-layout-flow wp-block-column-is-layout-flow\">\n<figure class=\"wp-block-gallery has-nested-images columns-default is-cropped wp-block-gallery-2 is-layout-flex wp-block-gallery-is-layout-flex\">\n<figure class=\"wp-block-image size-large\"><img loading=\"lazy\" decoding=\"async\" width=\"1024\" height=\"397\" data-id=\"18\" src=\"https:\/\/www.montessori-bergerac.com\/wp-content\/uploads\/2026\/01\/IMG_1412-1024x397.jpeg\" alt=\"\" class=\"wp-image-18\" srcset=\"http:\/\/www.montessori-bergerac.com\/wp-content\/uploads\/2026\/01\/IMG_1412-1024x397.jpeg 1024w, http:\/\/www.montessori-bergerac.com\/wp-content\/uploads\/2026\/01\/IMG_1412-300x116.jpeg 300w, http:\/\/www.montessori-bergerac.com\/wp-content\/uploads\/2026\/01\/IMG_1412-768x298.jpeg 768w, http:\/\/www.montessori-bergerac.com\/wp-content\/uploads\/2026\/01\/IMG_1412-1536x596.jpeg 1536w, http:\/\/www.montessori-bergerac.com\/wp-content\/uploads\/2026\/01\/IMG_1412-2048x795.jpeg 2048w\" sizes=\"auto, (max-width: 1024px) 100vw, 1024px\" \/><\/figure>\n\n\n\n<figure class=\"wp-block-image size-large\"><img loading=\"lazy\" decoding=\"async\" width=\"768\" height=\"1024\" data-id=\"17\" src=\"https:\/\/www.montessori-bergerac.com\/wp-content\/uploads\/2026\/01\/IMG_1409-768x1024.jpeg\" alt=\"\" class=\"wp-image-17\" srcset=\"http:\/\/www.montessori-bergerac.com\/wp-content\/uploads\/2026\/01\/IMG_1409-768x1024.jpeg 768w, http:\/\/www.montessori-bergerac.com\/wp-content\/uploads\/2026\/01\/IMG_1409-225x300.jpeg 225w, http:\/\/www.montessori-bergerac.com\/wp-content\/uploads\/2026\/01\/IMG_1409-1152x1536.jpeg 1152w, http:\/\/www.montessori-bergerac.com\/wp-content\/uploads\/2026\/01\/IMG_1409.jpeg 1536w\" sizes=\"auto, (max-width: 768px) 100vw, 768px\" \/><\/figure>\n\n\n\n<figure class=\"wp-block-image size-large\"><img loading=\"lazy\" decoding=\"async\" width=\"768\" height=\"1024\" data-id=\"16\" src=\"https:\/\/www.montessori-bergerac.com\/wp-content\/uploads\/2026\/01\/IMG_1408-768x1024.jpeg\" alt=\"\" class=\"wp-image-16\" srcset=\"http:\/\/www.montessori-bergerac.com\/wp-content\/uploads\/2026\/01\/IMG_1408-768x1024.jpeg 768w, http:\/\/www.montessori-bergerac.com\/wp-content\/uploads\/2026\/01\/IMG_1408-225x300.jpeg 225w, http:\/\/www.montessori-bergerac.com\/wp-content\/uploads\/2026\/01\/IMG_1408-1152x1536.jpeg 1152w, http:\/\/www.montessori-bergerac.com\/wp-content\/uploads\/2026\/01\/IMG_1408.jpeg 1536w\" sizes=\"auto, (max-width: 768px) 100vw, 768px\" \/><\/figure>\n\n\n\n<figure class=\"wp-block-image size-large\"><img loading=\"lazy\" decoding=\"async\" width=\"1024\" height=\"768\" data-id=\"37\" src=\"https:\/\/www.montessori-bergerac.com\/wp-content\/uploads\/2026\/01\/IMG_1432-1024x768.jpeg\" alt=\"\" class=\"wp-image-37\" srcset=\"http:\/\/www.montessori-bergerac.com\/wp-content\/uploads\/2026\/01\/IMG_1432-1024x768.jpeg 1024w, http:\/\/www.montessori-bergerac.com\/wp-content\/uploads\/2026\/01\/IMG_1432-300x225.jpeg 300w, http:\/\/www.montessori-bergerac.com\/wp-content\/uploads\/2026\/01\/IMG_1432-768x576.jpeg 768w, http:\/\/www.montessori-bergerac.com\/wp-content\/uploads\/2026\/01\/IMG_1432-1536x1152.jpeg 1536w, http:\/\/www.montessori-bergerac.com\/wp-content\/uploads\/2026\/01\/IMG_1432.jpeg 2048w\" sizes=\"auto, (max-width: 1024px) 100vw, 1024px\" \/><\/figure>\n\n\n\n<figure class=\"wp-block-image size-large\"><img loading=\"lazy\" decoding=\"async\" width=\"768\" height=\"1024\" data-id=\"38\" src=\"https:\/\/www.montessori-bergerac.com\/wp-content\/uploads\/2026\/01\/IMG_1433-768x1024.jpeg\" alt=\"\" class=\"wp-image-38\" srcset=\"http:\/\/www.montessori-bergerac.com\/wp-content\/uploads\/2026\/01\/IMG_1433-768x1024.jpeg 768w, http:\/\/www.montessori-bergerac.com\/wp-content\/uploads\/2026\/01\/IMG_1433-225x300.jpeg 225w, http:\/\/www.montessori-bergerac.com\/wp-content\/uploads\/2026\/01\/IMG_1433-1152x1536.jpeg 1152w, http:\/\/www.montessori-bergerac.com\/wp-content\/uploads\/2026\/01\/IMG_1433.jpeg 1536w\" sizes=\"auto, (max-width: 768px) 100vw, 768px\" \/><\/figure>\n<\/figure>\n<\/div>\n<\/div>\n\n\n\n<div style=\"height:54px\" aria-hidden=\"true\" class=\"wp-block-spacer\"><\/div>\n\n\n\n<div class=\"wp-block-columns is-layout-flex wp-container-core-columns-is-layout-9d6595d7 wp-block-columns-is-layout-flex\">\n<div class=\"wp-block-column is-layout-flow wp-block-column-is-layout-flow\">\n<p>Selon le principe montessorien \u00ab la fonction du milieu n\u2019est pas de former l\u2019enfant, mais de lui permettre de se r\u00e9v\u00e9ler&nbsp;\u00bb, l\u2019enfant doit se sentir bien dans sa classe, il s\u2019agit en effet de cr\u00e9er une maison des enfants.<\/p>\n\n\n\n<p>&nbsp;Il doit \u00e9prouver du plaisir \u00e0 la retrouver chaque matin. Le caract\u00e8re esth\u00e9tique est important, car il incite au travail,&nbsp;l\u2019ambiance&nbsp;sera donc pr\u00e9par\u00e9e avec grand soin par l\u2019\u00e9ducateur afin&nbsp;d\u2019\u00e9veiller&nbsp;chez&nbsp;l\u2019enfant&nbsp;curiosit\u00e9 et volont\u00e9.<\/p>\n\n\n\n<p><em>Le mobilier de la maison des enfants sera adapt\u00e9 \u00e0 la taille et la force des enfants, le mat\u00e9riel pens\u00e9 par Maria Montessori sera dispos\u00e9 selon les 4 aires de travail pr\u00e9conis\u00e9es \u00e0 port\u00e9e des enfants toujours dans le but de favoriser leur autonomie et leur ind\u00e9pendance.<\/em><\/p>\n\n\n\n<p>L\u2019\u00e9ducateur dans cette maison des enfants ne transmet pas un savoir, il n\u2019attribue ni punition ni r\u00e9compense, mais se montre disponible aux besoins des enfants. Il est le gardien de l\u2019ambiance, du calme et de l\u2019atmosph\u00e8re de concentration. Il est le porteur de r\u00e8gles en vigueur au sein du groupe.<\/p>\n\n\n\n<p>En travaillant avec le mat\u00e9riel \u00e9labor\u00e9 par Maria Montessori, l\u2019enfant accumule des informations au travers de sa propre exp\u00e9rience li\u00e9e \u00e0 la manipulation.<\/p>\n\n\n\n<p>Il acquiert donc des connaissances par ses ressentis physique,&nbsp;<strong>par sa r\u00e9flexion propre et au travers des observations constructives et un travail autonome.<\/strong><\/p>\n\n\n\n<p>Ce mat\u00e9riel est pens\u00e9 comme un outil de d\u00e9veloppement et suit un encha\u00eenement tr\u00e8s pr\u00e9cis qui va du plus simple au plus \u00e9labor\u00e9, du concret vers l\u2019abstrait.<\/p>\n\n\n\n<p>Chaque mat\u00e9riel est unique, rang\u00e9 \u00e0 une place qui lui est propre dans l\u2019ambiance et contient intrins\u00e8quement son contr\u00f4le de l\u2019erreur.<\/p>\n\n\n\n<p><em>L\u2019enfant n\u2019a donc plus besoin de l\u2019adulte lorsque le mat\u00e9riel lui a \u00e9t\u00e9 pr\u00e9sent\u00e9 pour l\u2019utiliser et v\u00e9rifier seul la bonne utilisation qui lui est li\u00e9e.<\/em><\/p>\n\n\n\n<p>La manipulation et l\u2019appr\u00e9hension du mat\u00e9riel d\u00e9veloppent la concentration, la logique et la dext\u00e9rit\u00e9.<\/p>\n\n\n\n<p>Chaque mat\u00e9riel a un but d\u00e9fini et suit une logique dans sa r\u00e9alisation avec un d\u00e9but, un milieu et une fin.<\/p>\n\n\n\n<p>L\u2019enfant peut r\u00e9p\u00e9ter son activit\u00e9 aussi souvent qu\u2019il le souhaite, l\u2019apprentissage se r\u00e9alisant dans la r\u00e9p\u00e9tition.<\/p>\n\n\n\n<p>Il int\u00e9grera les actions,<strong>&nbsp;perfectionnera son geste, construira son intelligence et d\u00e9veloppera une r\u00e9elle capacit\u00e9 \u00e0 la concentration.<\/strong><\/p>\n\n\n\n<p>C\u2019est un mat\u00e9riel sensoriel, la manipulation entra\u00eene la repr\u00e9sentation mentale de l\u2019objet. Maria Montessori parle de la main comme du \u00ab&nbsp;cerveau ext\u00e9rieur&nbsp;\u00bb.&nbsp;&nbsp;<\/p>\n<\/div>\n<\/div>\n\n\n<div class=\"wp-block-group\"><div class=\"wp-block-group__inner-container is-layout-constrained wp-block-group-is-layout-constrained\">\n<div class=\"wp-block-columns is-layout-flex wp-container-core-columns-is-layout-9d6595d7 wp-block-columns-is-layout-flex\">\n<div class=\"wp-block-column is-layout-flow wp-block-column-is-layout-flow\">\n<hr class=\"wp-block-separator has-text-color has-alpha-channel-opacity has-background is-style-wide\" style=\"background-color:#ad2117;color:#ad2117\"\/>\n<\/div>\n<\/div>\n\n\n\n<div class=\"wp-block-columns is-layout-flex wp-container-core-columns-is-layout-9d6595d7 wp-block-columns-is-layout-flex\">\n<div class=\"wp-block-column is-layout-flow wp-block-column-is-layout-flow\">\n<div class=\"wp-block-media-text has-media-on-the-right is-stacked-on-mobile is-vertically-aligned-center is-image-fill-element has-white-background-color has-background\" style=\"grid-template-columns:auto 26%\"><div class=\"wp-block-media-text__content\">\n<p class=\"has-text-align-right has-text-color has-link-color has-medium-font-size wp-elements-6eb2ff5d6aa550344e375e672ec61e44\" style=\"color:#ad2117\"><strong>Ecole Montessori de Bergerac<\/strong><\/p>\n\n\n\n<p class=\"has-text-align-right has-black-color has-text-color has-link-color has-small-font-size wp-elements-1447047317f1a2f8da5c4a3ef9239904\">Chemin de Port de Clautre<br>24100 Bergerac<br>T\u00e9l : 06 86 83 94 97<br>Email : contact@montessori-bergerac.com<\/p>\n<\/div><figure class=\"wp-block-media-text__media\"><img loading=\"lazy\" decoding=\"async\" width=\"1024\" height=\"1024\" src=\"http:\/\/www.montessori-bergerac.com\/wp-content\/uploads\/2026\/01\/Logo-EMB-vertical-2-1024x1024.png\" alt=\"\" class=\"wp-image-321 size-full\" style=\"object-position:50% 50%\" srcset=\"http:\/\/www.montessori-bergerac.com\/wp-content\/uploads\/2026\/01\/Logo-EMB-vertical-2-1024x1024.png 1024w, http:\/\/www.montessori-bergerac.com\/wp-content\/uploads\/2026\/01\/Logo-EMB-vertical-2-300x300.png 300w, http:\/\/www.montessori-bergerac.com\/wp-content\/uploads\/2026\/01\/Logo-EMB-vertical-2-150x150.png 150w, http:\/\/www.montessori-bergerac.com\/wp-content\/uploads\/2026\/01\/Logo-EMB-vertical-2-768x768.png 768w, http:\/\/www.montessori-bergerac.com\/wp-content\/uploads\/2026\/01\/Logo-EMB-vertical-2-230x230.png 230w, http:\/\/www.montessori-bergerac.com\/wp-content\/uploads\/2026\/01\/Logo-EMB-vertical-2.png 1081w\" sizes=\"auto, (max-width: 1024px) 100vw, 1024px\" \/><\/figure><\/div>\n<\/div>\n<\/div>\n<\/div><\/div>\n","protected":false},"excerpt":{"rendered":"<p>Tout individu est un \u00eatre diff\u00e9rent de son groupe, c\u2019est d\u2019ailleurs l\u2019attribut premier du terme \u00ab&nbsp;individualit\u00e9&nbsp;\u00bb. Ainsi, et plus particuli\u00e8rement jusqu\u2019aux environ de leur sixi\u00e8me ann\u00e9e, le rythme de d\u00e9veloppement est tr\u00e8s diff\u00e9rent d\u2019un enfant \u00e0 l\u2019autre. La p\u00e9dagogie Montessori&hellip; <\/p>\n","protected":false},"author":1,"featured_media":0,"parent":0,"menu_order":0,"comment_status":"closed","ping_status":"closed","template":"","meta":{"footnotes":""},"class_list":["post-152","page","type-page","status-publish","hentry"],"_links":{"self":[{"href":"http:\/\/www.montessori-bergerac.com\/index.php?rest_route=\/wp\/v2\/pages\/152","targetHints":{"allow":["GET"]}}],"collection":[{"href":"http:\/\/www.montessori-bergerac.com\/index.php?rest_route=\/wp\/v2\/pages"}],"about":[{"href":"http:\/\/www.montessori-bergerac.com\/index.php?rest_route=\/wp\/v2\/types\/page"}],"author":[{"embeddable":true,"href":"http:\/\/www.montessori-bergerac.com\/index.php?rest_route=\/wp\/v2\/users\/1"}],"replies":[{"embeddable":true,"href":"http:\/\/www.montessori-bergerac.com\/index.php?rest_route=%2Fwp%2Fv2%2Fcomments&post=152"}],"version-history":[{"count":15,"href":"http:\/\/www.montessori-bergerac.com\/index.php?rest_route=\/wp\/v2\/pages\/152\/revisions"}],"predecessor-version":[{"id":360,"href":"http:\/\/www.montessori-bergerac.com\/index.php?rest_route=\/wp\/v2\/pages\/152\/revisions\/360"}],"wp:attachment":[{"href":"http:\/\/www.montessori-bergerac.com\/index.php?rest_route=%2Fwp%2Fv2%2Fmedia&parent=152"}],"curies":[{"name":"wp","href":"https:\/\/api.w.org\/{rel}","templated":true}]}}